{"id":1108,"date":"2025-09-19T06:24:10","date_gmt":"2025-09-19T06:24:10","guid":{"rendered":"https:\/\/www.cowave.it\/?page_id=1108"},"modified":"2025-09-19T06:25:50","modified_gmt":"2025-09-19T06:25:50","slug":"privacy","status":"publish","type":"page","link":"https:\/\/www.cowave.it\/index.php\/privacy\/","title":{"rendered":"Privacy"},"content":{"rendered":"\t\t<div data-elementor-type=\"wp-page\" data-elementor-id=\"1108\" class=\"elementor elementor-1108\">\n\t\t\t\t<div class=\"elementor-element elementor-element-55c1e0c e-flex e-con-boxed e-con e-parent\" data-id=\"55c1e0c\" data-element_type=\"container\" data-e-type=\"container\">\n\t\t\t\t\t<div class=\"e-con-inner\">\n\t\t\t\t<div class=\"elementor-element elementor-element-e8f1c63 elementor-widget elementor-widget-text-editor\" data-id=\"e8f1c63\" data-element_type=\"widget\" data-e-type=\"widget\" data-widget_type=\"text-editor.default\">\n\t\t\t\t\t\t\t\t\t<h2><b>SEZIONE- Privacy Policy \u2013 Boilerplate<\/b><\/h2><p><i><span style=\"font-weight: 400;\">Titolare del trattamento<\/span><\/i><i><span style=\"font-weight: 400;\"><br \/><\/span><\/i><i><span style=\"font-weight: 300;\"> Cowave \u2013 SFA Ricerche e Progetti Srl<\/span><\/i><i><span style=\"font-weight: 300;\"><br \/><\/span><\/i><i><span style=\"font-weight: 300;\"> Via Cipro 66, 25124 Brescia \u2013 Italy<\/span><\/i><i><span style=\"font-weight: 300;\"><br \/><\/span><\/i><i><span style=\"font-weight: 300;\"> \ud83d\udce7 info@smartfutureacademy.it<\/span><\/i><i><span style=\"font-weight: 300;\"><br \/><\/span><\/i><i><span style=\"font-weight: 300;\"> P.IVA 0766770967<\/span><\/i><\/p><ol><li><span style=\"font-weight: 400;\"> Tipologia di dati raccolti<\/span><\/li><\/ol><ul><li style=\"font-weight: 300;\" aria-level=\"1\"><i><span style=\"font-weight: 300;\">Dati identificativi (nome, cognome, email, telefono) forniti volontariamente dagli utenti tramite form di contatto, prenotazioni o registrazioni.<\/span><\/i><\/li><\/ul><ul><li style=\"font-weight: 300;\" aria-level=\"1\"><i><span style=\"font-weight: 300;\">Dati di navigazione (indirizzo IP, log di accesso, cookie tecnici e di analisi).<\/span><\/i><i><span style=\"font-weight: 300;\"><br \/><br \/><\/span><\/i><\/li><\/ul><ol start=\"2\"><li><span style=\"font-weight: 400;\"> Finalit\u00e0 del trattamento<\/span><\/li><\/ol><ul><li style=\"font-weight: 300;\" aria-level=\"1\"><i><span style=\"font-weight: 300;\">Gestione delle richieste di contatto e prenotazione spazi.<\/span><\/i><\/li><\/ul><ul><li style=\"font-weight: 300;\" aria-level=\"1\"><i><span style=\"font-weight: 300;\">Fornitura dei servizi di coworking e area riservata.<\/span><\/i><\/li><\/ul><ul><li style=\"font-weight: 300;\" aria-level=\"1\"><i><span style=\"font-weight: 300;\">Adempimento obblighi di legge e contabili.<\/span><\/i><\/li><\/ul><ul><li style=\"font-weight: 300;\" aria-level=\"1\"><i><span style=\"font-weight: 300;\">Invio di comunicazioni informative e promozionali (previo consenso).<\/span><\/i><i><span style=\"font-weight: 300;\"><br \/><br \/><\/span><\/i><\/li><\/ul><ol start=\"3\"><li><span style=\"font-weight: 400;\"> Modalit\u00e0 del trattamento<\/span><\/li><\/ol><p><i><span style=\"font-weight: 300;\">I dati sono trattati con strumenti elettronici e cartacei, garantendo riservatezza, sicurezza e integrit\u00e0.<\/span><\/i><\/p><ol start=\"4\"><li><span style=\"font-weight: 400;\"> Base giuridica del trattamento<\/span><\/li><\/ol><ul><li style=\"font-weight: 300;\" aria-level=\"1\"><i><span style=\"font-weight: 300;\">Esecuzione di un contratto o di misure precontrattuali.<\/span><\/i><\/li><\/ul><ul><li style=\"font-weight: 300;\" aria-level=\"1\"><i><span style=\"font-weight: 300;\">Obblighi legali.<\/span><\/i><\/li><\/ul><ul><li style=\"font-weight: 300;\" aria-level=\"1\"><i><span style=\"font-weight: 300;\">Consenso dell\u2019interessato (per newsletter e comunicazioni commerciali).<\/span><\/i><i><span style=\"font-weight: 300;\"><br \/><br \/><\/span><\/i><\/li><\/ul><ol start=\"5\"><li><span style=\"font-weight: 400;\"> Conservazione dei dati<\/span><\/li><\/ol><p><i><span style=\"font-weight: 300;\">I dati vengono conservati per il tempo necessario a perseguire le finalit\u00e0 sopra indicate o secondo gli obblighi di legge.<\/span><\/i><\/p><ol start=\"6\"><li><span style=\"font-weight: 400;\"> Comunicazione a terzi<\/span><\/li><\/ol><p><i><span style=\"font-weight: 300;\">I dati non vengono diffusi, ma possono essere comunicati a fornitori di servizi informatici, enti pubblici e consulenti, se necessario per obblighi legali o contrattuali.<\/span><\/i><\/p><ol start=\"7\"><li><span style=\"font-weight: 400;\"> Diritti dell\u2019interessato<\/span><\/li><\/ol><p><i><span style=\"font-weight: 300;\">L\u2019utente pu\u00f2 in ogni momento:<\/span><\/i><\/p><ul><li style=\"font-weight: 300;\" aria-level=\"1\"><i><span style=\"font-weight: 300;\">richiedere accesso, rettifica, cancellazione dei propri dati;<\/span><\/i><i><span style=\"font-weight: 300;\"><br \/><\/span><\/i><i><span style=\"font-weight: 300;\">opporsi al trattamento o chiederne la limitazione;<\/span><\/i><\/li><\/ul><ul><li style=\"font-weight: 300;\" aria-level=\"1\"><i><span style=\"font-weight: 300;\">revocare il consenso al trattamento dei dati (per finalit\u00e0 di marketing).<\/span><\/i><i><span style=\"font-weight: 300;\"><br \/><br \/><\/span><\/i><\/li><\/ul><p><i><span style=\"font-weight: 300;\">Per esercitare i diritti: \ud83d\udce7 info@smartfutureacademy.it<\/span><\/i><\/p><ol start=\"8\"><li><span style=\"font-weight: 400;\"> Reclamo<\/span><\/li><\/ol><p><i><span style=\"font-weight: 300;\">Gli interessati hanno diritto di presentare reclamo al Garante per la Protezione dei Dati Personali (www.garanteprivacy.it).<\/span><\/i><\/p><h2><b>SEZIONE- Cookie Policy \u2013 Boilerplate<\/b><\/h2><p><i><span style=\"font-weight: 300;\">Questo sito utilizza cookie tecnici e, previo consenso, cookie di analisi e profilazione per migliorare l\u2019esperienza di navigazione.<\/span><\/i><\/p><p><span style=\"font-weight: 400;\">Tipologie di cookie<\/span><\/p><ul><li style=\"font-weight: 300;\" aria-level=\"1\"><i><span style=\"font-weight: 400;\">Cookie tecnici<\/span><\/i><i><span style=\"font-weight: 300;\">: necessari al corretto funzionamento del sito (es. login area riservata, preferenze).<\/span><\/i><\/li><\/ul><ul><li style=\"font-weight: 300;\" aria-level=\"1\"><i><span style=\"font-weight: 400;\">Cookie analitici<\/span><\/i><i><span style=\"font-weight: 300;\">: raccolgono informazioni statistiche in forma aggregata sull\u2019uso del sito.<\/span><\/i><\/li><\/ul><ul><li style=\"font-weight: 300;\" aria-level=\"1\"><i><span style=\"font-weight: 400;\">Cookie di profilazione<\/span><\/i><i><span style=\"font-weight: 300;\">: utilizzati, previo consenso, per inviare messaggi pubblicitari in linea con le preferenze di navigazione.<\/span><\/i><i><span style=\"font-weight: 300;\"><br \/><br \/><\/span><\/i><\/li><\/ul><p><span style=\"font-weight: 400;\">Gestione cookie<\/span><\/p><p><i><span style=\"font-weight: 300;\">Alla prima visita compare un banner che permette di accettare, rifiutare o gestire le preferenze. L\u2019utente pu\u00f2 modificare le scelte in ogni momento dalle impostazioni del browser.<\/span><\/i><\/p><p><span style=\"font-weight: 400;\">Servizi di terze parti<\/span><\/p><p><i><span style=\"font-weight: 300;\">Il sito pu\u00f2 integrare servizi esterni (es. Google Analytics, social media plugin) che rilasciano cookie. Per maggiori informazioni si rimanda alle rispettive informative.<\/span><\/i><\/p><p><span style=\"font-weight: 400;\">Come disattivare i cookie<\/span><\/p><p><i><span style=\"font-weight: 300;\">\u00c8 possibile modificare le impostazioni del browser per bloccare o eliminare i cookie gi\u00e0 installati. Tuttavia, la disabilitazione dei cookie tecnici pu\u00f2 compromettere la funzionalit\u00e0 del sito.<\/span><\/i><\/p>\t\t\t\t\t\t\t\t<\/div>\n\t\t\t\t\t<\/div>\n\t\t\t\t<\/div>\n\t\t\t\t<\/div>\n\t\t","protected":false},"excerpt":{"rendered":"<p>SEZIONE- Privacy Policy \u2013 Boilerplate Titolare del trattamento Cowave \u2013 SFA Ricerche e Progetti Srl Via Cipro 66, 25124 Brescia \u2013 Italy \ud83d\udce7 info@smartfutureacademy.it P.IVA 0766770967 Tipologia di dati raccolti Dati identificativi (nome, cognome, email, telefono) forniti volontariamente dagli utenti tramite form di contatto, prenotazioni o registrazioni. Dati di navigazione (indirizzo IP, log di accesso, [&hellip;]<\/p>\n","protected":false},"author":3,"featured_media":0,"parent":0,"menu_order":0,"comment_status":"closed","ping_status":"closed","template":"","meta":{"footnotes":""},"class_list":["post-1108","page","type-page","status-publish","hentry"],"yoast_head":"<!-- This site is optimized with the Yoast SEO plugin v27.2 - https:\/\/yoast.com\/product\/yoast-seo-wordpress\/ -->\n<title>Privacy - Cowave Space<\/title>\n<meta name=\"robots\" content=\"index, follow, max-snippet:-1, max-image-preview:large, max-video-preview:-1\" \/>\n<link rel=\"canonical\" href=\"https:\/\/www.cowave.it\/index.php\/privacy\/\" \/>\n<meta property=\"og:locale\" content=\"it_IT\" \/>\n<meta property=\"og:type\" content=\"article\" \/>\n<meta property=\"og:title\" content=\"Privacy - Cowave Space\" \/>\n<meta property=\"og:description\" content=\"SEZIONE- Privacy Policy \u2013 Boilerplate Titolare del trattamento Cowave \u2013 SFA Ricerche e Progetti Srl Via Cipro 66, 25124 Brescia \u2013 Italy \ud83d\udce7 info@smartfutureacademy.it P.IVA 0766770967 Tipologia di dati raccolti Dati identificativi (nome, cognome, email, telefono) forniti volontariamente dagli utenti tramite form di contatto, prenotazioni o registrazioni. Dati di navigazione (indirizzo IP, log di accesso, [&hellip;]\" \/>\n<meta property=\"og:url\" content=\"https:\/\/www.cowave.it\/index.php\/privacy\/\" \/>\n<meta property=\"og:site_name\" content=\"Cowave Space\" \/>\n<meta property=\"article:modified_time\" content=\"2025-09-19T06:25:50+00:00\" \/>\n<meta name=\"twitter:card\" content=\"summary_large_image\" \/>\n<meta name=\"twitter:label1\" content=\"Tempo di lettura stimato\" \/>\n\t<meta name=\"twitter:data1\" content=\"3 minuti\" \/>\n<script type=\"application\/ld+json\" class=\"yoast-schema-graph\">{\"@context\":\"https:\/\/schema.org\",\"@graph\":[{\"@type\":\"WebPage\",\"@id\":\"https:\/\/www.cowave.it\/index.php\/privacy\/\",\"url\":\"https:\/\/www.cowave.it\/index.php\/privacy\/\",\"name\":\"Privacy - Cowave Space\",\"isPartOf\":{\"@id\":\"https:\/\/www.cowave.it\/#website\"},\"datePublished\":\"2025-09-19T06:24:10+00:00\",\"dateModified\":\"2025-09-19T06:25:50+00:00\",\"breadcrumb\":{\"@id\":\"https:\/\/www.cowave.it\/index.php\/privacy\/#breadcrumb\"},\"inLanguage\":\"it-IT\",\"potentialAction\":[{\"@type\":\"ReadAction\",\"target\":[\"https:\/\/www.cowave.it\/index.php\/privacy\/\"]}]},{\"@type\":\"BreadcrumbList\",\"@id\":\"https:\/\/www.cowave.it\/index.php\/privacy\/#breadcrumb\",\"itemListElement\":[{\"@type\":\"ListItem\",\"position\":1,\"name\":\"Home\",\"item\":\"https:\/\/www.cowave.it\/\"},{\"@type\":\"ListItem\",\"position\":2,\"name\":\"Privacy\"}]},{\"@type\":\"WebSite\",\"@id\":\"https:\/\/www.cowave.it\/#website\",\"url\":\"https:\/\/www.cowave.it\/\",\"name\":\"Cowave Space\",\"description\":\"space, energy &amp; ideas\",\"publisher\":{\"@id\":\"https:\/\/www.cowave.it\/#organization\"},\"potentialAction\":[{\"@type\":\"SearchAction\",\"target\":{\"@type\":\"EntryPoint\",\"urlTemplate\":\"https:\/\/www.cowave.it\/?s={search_term_string}\"},\"query-input\":{\"@type\":\"PropertyValueSpecification\",\"valueRequired\":true,\"valueName\":\"search_term_string\"}}],\"inLanguage\":\"it-IT\"},{\"@type\":\"Organization\",\"@id\":\"https:\/\/www.cowave.it\/#organization\",\"name\":\"Cowave Space\",\"url\":\"https:\/\/www.cowave.it\/\",\"logo\":{\"@type\":\"ImageObject\",\"inLanguage\":\"it-IT\",\"@id\":\"https:\/\/www.cowave.it\/#\/schema\/logo\/image\/\",\"url\":\"https:\/\/www.cowave.it\/wp-content\/uploads\/2025\/08\/Logo-CoWave-BIANCO-E-AZZURRO-scaled-e1757574351831.png\",\"contentUrl\":\"https:\/\/www.cowave.it\/wp-content\/uploads\/2025\/08\/Logo-CoWave-BIANCO-E-AZZURRO-scaled-e1757574351831.png\",\"width\":2560,\"height\":866,\"caption\":\"Cowave Space\"},\"image\":{\"@id\":\"https:\/\/www.cowave.it\/#\/schema\/logo\/image\/\"}}]}<\/script>\n<!-- \/ Yoast SEO plugin. -->","yoast_head_json":{"title":"Privacy - Cowave Space","robots":{"index":"index","follow":"follow","max-snippet":"max-snippet:-1","max-image-preview":"max-image-preview:large","max-video-preview":"max-video-preview:-1"},"canonical":"https:\/\/www.cowave.it\/index.php\/privacy\/","og_locale":"it_IT","og_type":"article","og_title":"Privacy - Cowave Space","og_description":"SEZIONE- Privacy Policy \u2013 Boilerplate Titolare del trattamento Cowave \u2013 SFA Ricerche e Progetti Srl Via Cipro 66, 25124 Brescia \u2013 Italy \ud83d\udce7 info@smartfutureacademy.it P.IVA 0766770967 Tipologia di dati raccolti Dati identificativi (nome, cognome, email, telefono) forniti volontariamente dagli utenti tramite form di contatto, prenotazioni o registrazioni. Dati di navigazione (indirizzo IP, log di accesso, [&hellip;]","og_url":"https:\/\/www.cowave.it\/index.php\/privacy\/","og_site_name":"Cowave Space","article_modified_time":"2025-09-19T06:25:50+00:00","twitter_card":"summary_large_image","twitter_misc":{"Tempo di lettura stimato":"3 minuti"},"schema":{"@context":"https:\/\/schema.org","@graph":[{"@type":"WebPage","@id":"https:\/\/www.cowave.it\/index.php\/privacy\/","url":"https:\/\/www.cowave.it\/index.php\/privacy\/","name":"Privacy - Cowave Space","isPartOf":{"@id":"https:\/\/www.cowave.it\/#website"},"datePublished":"2025-09-19T06:24:10+00:00","dateModified":"2025-09-19T06:25:50+00:00","breadcrumb":{"@id":"https:\/\/www.cowave.it\/index.php\/privacy\/#breadcrumb"},"inLanguage":"it-IT","potentialAction":[{"@type":"ReadAction","target":["https:\/\/www.cowave.it\/index.php\/privacy\/"]}]},{"@type":"BreadcrumbList","@id":"https:\/\/www.cowave.it\/index.php\/privacy\/#breadcrumb","itemListElement":[{"@type":"ListItem","position":1,"name":"Home","item":"https:\/\/www.cowave.it\/"},{"@type":"ListItem","position":2,"name":"Privacy"}]},{"@type":"WebSite","@id":"https:\/\/www.cowave.it\/#website","url":"https:\/\/www.cowave.it\/","name":"Cowave Space","description":"space, energy &amp; ideas","publisher":{"@id":"https:\/\/www.cowave.it\/#organization"},"potentialAction":[{"@type":"SearchAction","target":{"@type":"EntryPoint","urlTemplate":"https:\/\/www.cowave.it\/?s={search_term_string}"},"query-input":{"@type":"PropertyValueSpecification","valueRequired":true,"valueName":"search_term_string"}}],"inLanguage":"it-IT"},{"@type":"Organization","@id":"https:\/\/www.cowave.it\/#organization","name":"Cowave Space","url":"https:\/\/www.cowave.it\/","logo":{"@type":"ImageObject","inLanguage":"it-IT","@id":"https:\/\/www.cowave.it\/#\/schema\/logo\/image\/","url":"https:\/\/www.cowave.it\/wp-content\/uploads\/2025\/08\/Logo-CoWave-BIANCO-E-AZZURRO-scaled-e1757574351831.png","contentUrl":"https:\/\/www.cowave.it\/wp-content\/uploads\/2025\/08\/Logo-CoWave-BIANCO-E-AZZURRO-scaled-e1757574351831.png","width":2560,"height":866,"caption":"Cowave Space"},"image":{"@id":"https:\/\/www.cowave.it\/#\/schema\/logo\/image\/"}}]}},"_links":{"self":[{"href":"https:\/\/www.cowave.it\/index.php\/wp-json\/wp\/v2\/pages\/1108","targetHints":{"allow":["GET"]}}],"collection":[{"href":"https:\/\/www.cowave.it\/index.php\/wp-json\/wp\/v2\/pages"}],"about":[{"href":"https:\/\/www.cowave.it\/index.php\/wp-json\/wp\/v2\/types\/page"}],"author":[{"embeddable":true,"href":"https:\/\/www.cowave.it\/index.php\/wp-json\/wp\/v2\/users\/3"}],"replies":[{"embeddable":true,"href":"https:\/\/www.cowave.it\/index.php\/wp-json\/wp\/v2\/comments?post=1108"}],"version-history":[{"count":4,"href":"https:\/\/www.cowave.it\/index.php\/wp-json\/wp\/v2\/pages\/1108\/revisions"}],"predecessor-version":[{"id":1112,"href":"https:\/\/www.cowave.it\/index.php\/wp-json\/wp\/v2\/pages\/1108\/revisions\/1112"}],"wp:attachment":[{"href":"https:\/\/www.cowave.it\/index.php\/wp-json\/wp\/v2\/media?parent=1108"}],"curies":[{"name":"wp","href":"https:\/\/api.w.org\/{rel}","templated":true}]}}